{"id":5702,"date":"2015-12-15T13:28:10","date_gmt":"2015-12-15T13:28:10","guid":{"rendered":"http:\/\/webnus.net\/themes\/easyweb\/seo\/?page_id=5702"},"modified":"2021-05-07T07:19:30","modified_gmt":"2021-05-07T07:19:30","slug":"contact","status":"publish","type":"page","link":"https:\/\/fetrade.pl\/pl\/contact\/","title":{"rendered":"Kontakt"},"content":{"rendered":"<p><\/div><\/section><section class=\"blox  dark aligncenter page-title-x    w-animate max-pat2\" style=\" padding-top:px; padding-bottom:px;  background: url('https:\/\/fetrade.pl\/wp-content\/uploads\/2015\/12\/blx-s-p11.jpg') no-repeat ; background-position: center center;background-size: cover; min-height:px;  background-color:#f6f8f9;\"><div class=\"max-overlay\" style=\"background-color:\"><\/div><div class=\"wpb_row vc_row-fluid full-row\"><div class=\"container\"><div class=\"wpb_column vc_column_container vc_col-sm-12\"><div class=\"vc_column-inner\"><div class=\"wpb_wrapper\"><hr class=\"vertical-space4\"><hr class=\"vertical-space4\">\n\t<div class=\"wpb_text_column wpb_content_element\" >\n\t\t<div class=\"wpb_wrapper\">\n\t\t\t<h1 style=\"text-align: center; text-transform: uppercase;\" class=\" translation-block\"><strong>Kontakt<\/strong><\/h1>\n\n\t\t<\/div>\n\t<\/div>\n<hr class=\"vertical-space4\"><hr class=\"vertical-space4\"><\/div><\/div><\/div><\/div><\/div><\/section><section class=\"container\"><div class=\"row-wrapper-x\"><\/div><\/section><section class=\"blox\" style=\" padding-top:px; padding-bottom:px; background-size: cover; min-height:px;  background-color:#ffffff;\"><div class=\"max-overlay\" style=\"background-color:\"><\/div><div class=\"wpb_row vc_row-fluid full-row\"><div class=\"container\"><div class=\"wpb_column vc_column_container vc_col-sm-12\"><div class=\"vc_column-inner\"><div class=\"wpb_wrapper\"><hr class=\"vertical-space3\">\n\t<div class=\"max-title max-title5\">\n\t\t<h2>Chcesz zapyta\u0107 o produkt, cen\u0119 lub mo\u017cliwo\u015b\u0107 wsp\u00f3\u0142pracy? \u015amia\u0142o!<\/h2>\n\t<\/div><hr class=\"vertical-space2\"><\/div><\/div><\/div><\/div><\/div><\/section><section class=\"container\"><div class=\"row-wrapper-x\"><\/div><\/section><section class=\"blox\" style=\" padding-top:px; padding-bottom:px; background-size: cover; min-height:px;  background-color:#ffffff;\"><div class=\"max-overlay\" style=\"background-color:\"><\/div><div class=\"wpb_row vc_row-fluid full-row\"><div class=\"container\"><div class=\"wpb_column vc_column_container vc_col-sm-4\"><div class=\"vc_column-inner\"><div class=\"wpb_wrapper\"><article class=\"icon-box11\" ><i class=\"icon-profile-male\" style=\" color:#353535;\"><\/i><h4 style=\"color:#303030\">FARUK ERDEMIR - FOUNDER &amp; CEO<\/h4><p style=\"color:#ffffff\"><\/p><\/article><article class=\"icon-box11\" ><i class=\"icon-profile-male\" style=\" color:#353535;\"><\/i><h4 style=\"color:#303030\">MICHA\u0141 KOPER -SALES &amp; OPERATION POLAND<\/h4><p style=\"color:#ffffff\"><\/p><\/article><article class=\"icon-box11\" ><i class=\"icon-profile-male\" style=\" color:#353535;\"><\/i><h4 style=\"color:#303030\">HENRI FAGERSTR\u00d6M - SALES &amp; OPERATION FINLAND, SWEDEN, NORWAY, SPAIN<\/h4><p style=\"color:#ffffff\"><\/p><\/article><article class=\"icon-box11\" ><i class=\"icon-profile-male\" style=\" color:#353535;\"><\/i><h4 style=\"color:#303030\">CIHAN ONAY - SALES &amp; OPERATION GERMANY<\/h4><p style=\"color:#ffffff\"><\/p><\/article><article class=\"icon-box11\" ><i class=\"icon-profile-male\" style=\" color:#353535;\"><\/i><h4 style=\"color:#303030\">STUART PAYNE - SALES &amp; OPERATION UK, IRELAND, BELGIUM, NETHERLANDS , LUXEMBURG<\/h4><p style=\"color:#ffffff\"><\/p><\/article><article class=\"icon-box11\" ><i class=\"icon-profile-male\" style=\" color:#353535;\"><\/i><h4 style=\"color:#303030\">MIKL\u00d3S \u00c9RSZEGI - SALES &amp; OPERATION HUNGARY, ITALY, CZECH REP. , SLOVAKIA<\/h4><p style=\"color:#ffffff\"><\/p><\/article><\/div><\/div><\/div><div class=\"wpb_column vc_column_container vc_col-sm-4\"><div class=\"vc_column-inner\"><div class=\"wpb_wrapper\"><article class=\"icon-box11\" ><i class=\"icon-phone\" style=\" color:#353535;\"><\/i><h4 style=\"color:#303030\">+48 661 046 001<\/h4><p style=\"color:#ffffff\"><\/p><\/article><article class=\"icon-box11\" ><i class=\"icon-phone\" style=\" color:#353535;\"><\/i><h4 style=\"color:#303030\">+48 888 966 088<\/h4><p style=\"color:#ffffff\"><\/p><\/article><article class=\"icon-box11\" ><i class=\"icon-phone\" style=\" color:#353535;\"><\/i><h4 style=\"color:#303030\">+48 782 309 089<\/h4><p style=\"color:#ffffff\"><\/p><\/article><div class=\"vc_empty_space\"   style=\"height: 20px\" ><span class=\"vc_empty_space_inner\"><\/span><\/div>\n<article class=\"icon-box11\" ><i class=\"icon-phone\" style=\" color:#353535;\"><\/i><h4 style=\"color:#303030\">+49 176 6377 3908<\/h4><p style=\"color:#ffffff\"><\/p><\/article><div class=\"vc_empty_space\"   style=\"height: 20px\" ><span class=\"vc_empty_space_inner\"><\/span><\/div>\n<article class=\"icon-box11\" ><i class=\"icon-phone\" style=\" color:#353535;\"><\/i><h4 style=\"color:#303030\">+49 170 630 2263<\/h4><p style=\"color:#ffffff\"><\/p><\/article><div class=\"vc_empty_space\"   style=\"height: 40px\" ><span class=\"vc_empty_space_inner\"><\/span><\/div>\n<article class=\"icon-box11\" ><i class=\"icon-phone\" style=\" color:#353535;\"><\/i><h4 style=\"color:#303030\">+36 30 497 3656<\/h4><p style=\"color:#ffffff\"><\/p><\/article><\/div><\/div><\/div><div class=\"wpb_column vc_column_container vc_col-sm-4\"><div class=\"vc_column-inner\"><div class=\"wpb_wrapper\"><article class=\"icon-box11\" ><i class=\"icon-envelope\" style=\" color:#353535;\"><\/i><h4 style=\"color:#303030\">faruk@fetrade.pl<\/h4><p style=\"color:#ffffff\"><\/p><\/article><article class=\"icon-box11\" ><i class=\"icon-envelope\" style=\" color:#353535;\"><\/i><h4 style=\"color:#303030\">michal@fetrade.pl<\/h4><p style=\"color:#ffffff\"><\/p><\/article><article class=\"icon-box11\" ><i class=\"icon-envelope\" style=\" color:#353535;\"><\/i><h4 style=\"color:#303030\">henri@fetrade.pl<\/h4><p style=\"color:#ffffff\"><\/p><\/article><div class=\"vc_empty_space\"   style=\"height: 20px\" ><span class=\"vc_empty_space_inner\"><\/span><\/div>\n<article class=\"icon-box11\" ><i class=\"icon-envelope\" style=\" color:#353535;\"><\/i><h4 style=\"color:#303030\">cihan@fetrade.pl<\/h4><p style=\"color:#ffffff\"><\/p><\/article><div class=\"vc_empty_space\"   style=\"height: 20px\" ><span class=\"vc_empty_space_inner\"><\/span><\/div>\n<article class=\"icon-box11\" ><i class=\"icon-envelope\" style=\" color:#353535;\"><\/i><h4 style=\"color:#303030\">stuart@fetrade.pl<\/h4><p style=\"color:#ffffff\"><\/p><\/article><div class=\"vc_empty_space\"   style=\"height: 40px\" ><span class=\"vc_empty_space_inner\"><\/span><\/div>\n<article class=\"icon-box11\" ><i class=\"icon-envelope\" style=\" color:#353535;\"><\/i><h4 style=\"color:#303030\">miklos@fetrade.pl<\/h4><p style=\"color:#ffffff\"><\/p><\/article><\/div><\/div><\/div><\/div><\/div><\/section><section class=\"container\"><div class=\"row-wrapper-x\"><section class=\"wpb_row   w-animate\"><div class=\"wpb_column vc_column_container vc_col-sm-12\"><div class=\"vc_column-inner\"><div class=\"wpb_wrapper\"><hr class=\"vertical-space2\"><\/div><\/div><\/div><\/section><\/div><\/section><section class=\"blox   full-container   w-animate\" style=\" padding-top:px; padding-bottom:px; background-size: cover; min-height:px; \"><div class=\"max-overlay\" style=\"background-color:\"><\/div><div class=\"wpb_row vc_row-fluid full-row\"><div class=\"container\"><div class=\"wpb_column vc_column_container vc_col-sm-12\"><div class=\"vc_column-inner\"><div class=\"wpb_wrapper\">\n\t<div class=\"w-map\">\n\t\t<div id=\"map_69e4e396d4105\" style=\"width:525px;height:655px;\"><\/div>\n\t<\/div>\n\t\n\t\t\n\t<script type=\"text\/javascript\">\n\tjQuery(document).ready(function() {\n\n\t\t\/\/ init google map\n\t\tfunction initMap() {\n\n\t\t\tif ( Math.max(document.documentElement.clientWidth, window.innerWidth || 0) > 767 ) {\n\t\t\t\tvar isDraggable = true;\n\t\t\t} else {\n\t\t\t\tvar isDraggable = false;\n\t\t\t}\n\n\t\t\tvar map = new google.maps.Map(document.getElementById('map_69e4e396d4105'), {\n\t\t\t\tmapTypeControl: true,\n\t\t\t\tzoomControl: true,\n\t\t\t\tscrollwheel: true,\n\t\t\t\tstreetViewControl: true,\n\t\t\t\tscaleControl: true,\n\t\t\t\tzoom: 15,\n\t\t\t\tbackgroundColor: '',\n\t\t\t\tcenter: {lat: 51.016559, lng: 16.963318},\n\t\t\t\tdraggable: true,\n\t\t\t\tmapTypeControlOptions: {\n\t\t\t\t\tmapTypeIds: ['roadmap']\n\t\t\t\t},\n\t\t\t\tstyles: [{\n\t\t\t\t\tstylers: [\n\t\t\t\t\t\t{ hue: '' }\n\t\t\t\t\t]\n\t\t\t\t}]\n\t\t\t});\n\t\t\tsetMarkers(map);\n\t\t}\n\n\t\t\/\/ call init map function\n\t\tinitMap();\n\n\t\tfunction setMarkers(map) {\n\t\t\tvar items = [\n\t\t\t\t['Fe Trade',51.016559,16.963318,'','Promykowa 18'],\t\t\t];\n\n\t\t\t\n\t\t\tif ( typeof items != 'undefined' ) {\n\t\t\t\tfor ( var i = 0; i < items.length; i++ ) {\n\t\t\t\t\tvar item = items[i];\n\t\t\t\t\tvar marker = new google.maps.Marker({\n\t\t\t\t\t\tmap: map,\n\t\t\t\t\t\tanimation: google.maps.Animation.DROP,\t\t\t\t\t\tposition: {lat: item[1], lng: item[2]},\n\t\t\t\t\t\ticon: item[3],\n\t\t\t\t\t\ttitle: item[0],\n\t\t\t\t\t\tcontent: item[4],\n\t\t\t\t\t});\n\t\t\t\t\t\n\t\t\t\t   \/\/ Allow each marker to have an info window    \n\t\t\t\t\tgoogle.maps.event.addListener(marker, 'click', (function (marker, index) {\n\t\t\t\t\t\treturn function () {\n\t\t\t\t\t\t\tif( this.content ) {\n\t\t\t\t\t\t\t\tinfoWindow.setContent(this.content);\n\t\t\t\t\t\t\t\tinfoWindow.open(map, this);\n\t\t\t\t\t\t\t}\n\t\t\t\t\t\t}\n\t\t\t\t\t})(marker, index));\n\t\t\t\t\t\n\t\t\t\t\tvar infoWindow = new google.maps.InfoWindow({ \n\t\t\t\t\t\tcontent: item[4],\n\t\t\t\t\t\tmaxWidth: 250\n\t\t\t\t\t}), marker, index;\n\t\t\t\t\t\n\t\t\t\t\tmarker.addListener('click', function() {\n\t\t\t\t\t\tmap.setZoom(15);\n\t\t\t\t\t\tmap.setCenter(marker.position);\n\t\t\t\t\t});\n\t\t\t\t}\n\t\t\t}\n\t\t}\n\t});\n\t<\/script>\n\n\t<\/div><\/div><\/div><\/div><\/div><\/section><section class=\"container\"><div class=\"row-wrapper-x\"><\/p>","protected":false},"excerpt":{"rendered":"Contact us Contact with US Want to know more about products and prices? Ask Us! FARUK ERDEMIR - FOUNDER &amp; CEOMICHA\u0141 KOPER -SALES &amp; OPERATION POLANDHENRI FAGERSTR\u00d6M - SALES &amp; OPERATION FINLAND, SWEDEN, NORWAY, SPAINCIHAN ONAY - SALES &amp; OPERATION GERMANYSTUART PAYNE - SALES &amp; OPERATION UK, IRELAND, BELGIUM, NETHERLANDS , LUXEMBURGMIKL\u00d3S \u00c9RSZEGI - SALES &amp; OPERATION HUNGARY, ITALY, CZECH REP. , SLOVAKIA+48 661 046 001+48 888 966 088+48 782 309 089 +49 176 6377 3908 +49 170 630 2263 +36 30 497 3656faruk@fetrade.plmichal@fetrade.plhenri@fetrade.pl cihan@fetrade.pl stuart@fetrade.pl miklos@fetrade.pl jQuery(document).ready(function() { \/\/ init google map function initMap() { if ( Math.max(document.documentElement.clientWidth, window.innerWidth || 0) > 767 ) { var isDraggable = true; } else { var isDraggable = false; } var map = new google.maps.Map(document.getElementById('map_69e4e396d4cc9'), { mapTypeControl: true, zoomControl: true, scrollwheel: true, streetViewControl: true, scaleControl: true, zoom: 15, backgroundColor: '', center: {lat: 51.016559, lng: 16.963318}, draggable: true, mapTypeControlOptions: { mapTypeIds: ['roadmap'] }, styles: [{ stylers: [ { hue: '' } ] }] }); setMarkers(map); } \/\/ call init map function initMap(); function setMarkers(map) { var items = [ ['Fe Trade',51.016559,16.963318,'','Promykowa 18'], ]; if ( typeof items != 'undefined' ) { for ( var i = 0; i < items.length; i++ ) { var item = items[i]; var marker = new google.maps.Marker({ map: map, animation: google.maps.Animation.DROP, position: {lat: item[1], lng: item[2]}, icon: item[3], title: item[0], content: item[4], }); \/\/ Allow each marker to have an info window google.maps.event.addListener(marker, 'click', (function (marker, index) { return function () { if( this.content ) { infoWindow.setContent(this.content); infoWindow.open(map, this); } } })(marker, index)); var infoWindow = new google.maps.InfoWindow({ content: item[4], maxWidth: 250 }), marker, index; marker.addListener('click', function() { map.setZoom(15); map.setCenter(marker.position); }); } } } });","protected":false},"author":1,"featured_media":0,"parent":0,"menu_order":0,"comment_status":"closed","ping_status":"closed","template":"","meta":{"_monsterinsights_skip_tracking":false,"_monsterinsights_sitenote_active":false,"_monsterinsights_sitenote_note":"","_monsterinsights_sitenote_category":0,"_joinchat":{"telephone":"+48661046001"}},"yst_prominent_words":[244,296,27],"_links":{"self":[{"href":"https:\/\/fetrade.pl\/pl\/wp-json\/wp\/v2\/pages\/5702"}],"collection":[{"href":"https:\/\/fetrade.pl\/pl\/wp-json\/wp\/v2\/pages"}],"about":[{"href":"https:\/\/fetrade.pl\/pl\/wp-json\/wp\/v2\/types\/page"}],"author":[{"embeddable":true,"href":"https:\/\/fetrade.pl\/pl\/wp-json\/wp\/v2\/users\/1"}],"replies":[{"embeddable":true,"href":"https:\/\/fetrade.pl\/pl\/wp-json\/wp\/v2\/comments?post=5702"}],"version-history":[{"count":4,"href":"https:\/\/fetrade.pl\/pl\/wp-json\/wp\/v2\/pages\/5702\/revisions"}],"predecessor-version":[{"id":10165,"href":"https:\/\/fetrade.pl\/pl\/wp-json\/wp\/v2\/pages\/5702\/revisions\/10165"}],"wp:attachment":[{"href":"https:\/\/fetrade.pl\/pl\/wp-json\/wp\/v2\/media?parent=5702"}],"wp:term":[{"taxonomy":"yst_prominent_words","embeddable":true,"href":"https:\/\/fetrade.pl\/pl\/wp-json\/wp\/v2\/yst_prominent_words?post=5702"}],"curies":[{"name":"wp","href":"https:\/\/api.w.org\/{rel}","templated":true}]}}