{"id":9942,"date":"2020-04-18T18:04:41","date_gmt":"2020-04-18T18:04:41","guid":{"rendered":"https:\/\/fetrade.odyssey-studio.pl\/?page_id=9942"},"modified":"2021-05-07T07:42:49","modified_gmt":"2021-05-07T07:42:49","slug":"our-products","status":"publish","type":"page","link":"https:\/\/fetrade.pl\/pl\/our-products\/","title":{"rendered":"Nasze produkty"},"content":{"rendered":"<p><\/div><\/section><section class=\"blox      w-animate\" style=\" padding-top:px; padding-bottom:px;  background: url('https:\/\/fetrade.pl\/wp-content\/uploads\/2020\/03\/Our-services.jpg') no-repeat ; background-position: center center;background-size: cover; min-height:px; \"><div class=\"max-overlay\" style=\"background-color:\"><\/div><div class=\"wpb_row vc_row-fluid full-row\"><div class=\"container\"><div class=\"wpb_column vc_column_container vc_col-sm-12\"><div class=\"vc_column-inner\"><div class=\"wpb_wrapper\"><hr class=\"vertical-space4\"><hr class=\"vertical-space4\">\n\t<div class=\"wpb_text_column wpb_content_element\" >\n\t\t<div class=\"wpb_wrapper\">\n\t\t\t<h1 style=\"text-align: center; text-transform: uppercase;\"><strong><span style=\"color: #00c2e5;\">NASZE<\/span> <span style=\"color: #ffffff;\">PRODUKTY<\/span><br \/>\n<\/strong><\/h1>\n\n\t\t<\/div>\n\t<\/div>\n<hr class=\"vertical-space4\"><hr class=\"vertical-space4\"><\/div><\/div><\/div><\/div><\/div><\/section><section class=\"container\"><div class=\"row-wrapper-x\"><\/div><\/section><section class=\"blox\" style=\" padding-top:px; padding-bottom:-20px; background-size: cover; min-height:px;  background-color:#f7f7f7;\"><div class=\"max-overlay\" style=\"background-color:\"><\/div><div class=\"wpb_row vc_row-fluid full-row\"><div class=\"container\"><div class=\"wpb_column vc_column_container vc_col-sm-12\"><div class=\"vc_column-inner\"><div class=\"wpb_wrapper\"><hr class=\"vertical-space2\">\n\t<div class=\"max-title max-title5\">\n\t\t<h1 style=\"color: #020202;\" class=\" translation-block\"><strong>ALUMINIOWE<\/strong> SYSTEMY CH\u0141ODZ\u0104CE<\/div><hr class=\"vertical-space2\"><div class=\"vc_row wpb_row vc_inner vc_row-fluid\"><div class=\"wpb_column vc_column_container vc_col-sm-4\"><div class=\"vc_column-inner\"><div class=\"wpb_wrapper\"><article class=\"icon-box11\" ><i class=\"sl-bulb\" style=\" color:#353535;\"><\/i><h4 style=\"color:#050505\" class=\" translation-block\">ALUMINIOWE <strong>PROFILE LED<\/strong><\/h4><p style=\"color:#ffffff\"><\/p><\/article><\/div><\/div><\/div><div class=\"wpb_column vc_column_container vc_col-sm-4\"><div class=\"vc_column-inner\"><div class=\"wpb_wrapper\"><article class=\"icon-box11\" ><i class=\"fa-tencent-weibo\" style=\" color:#353535;\"><\/i><h4 style=\"color:#050505\" class=\" translation-block\">LAMPY LED <strong>DO UPRAWY RO\u015aLIN<\/strong><\/h4><p style=\"color:#ffffff\"><\/p><\/article><\/div><\/div><\/div><div class=\"wpb_column vc_column_container vc_col-sm-4\"><div class=\"vc_column-inner\"><div class=\"wpb_wrapper\"><article class=\"icon-box11\" ><i class=\"fa-barcode\" style=\" color:#353535;\"><\/i><h4 style=\"color:#050505\" class=\" translation-block\"><strong>RADIATORY<\/strong> ALUMINIOWE<\/h4><p style=\"color:#ffffff\"><\/p><\/article><\/div><\/div><\/div><\/div><\/div><\/div><\/div><\/div><\/div><\/section><section class=\"container\"><div class=\"row-wrapper-x\"><\/div><\/section><section class=\"blox\" style=\" padding-top:px; padding-bottom:px; background-size: cover; min-height:px;  background-color:#f7f7f7;\"><div class=\"max-overlay\" style=\"background-color:\"><\/div><div class=\"wpb_row vc_row-fluid full-row\"><div class=\"container\"><div class=\"wpb_column vc_column_container vc_col-sm-12\"><div class=\"vc_column-inner\"><div class=\"wpb_wrapper\"><hr class=\"vertical-space2\"><\/div><\/div><\/div><\/div><\/div><\/section><section class=\"container\"><div class=\"row-wrapper-x\"><\/div><\/section><section class=\"blox    respo-bg-none  w-animate\" style=\" padding-top:px; padding-bottom:px;  background: url('https:\/\/fetrade.pl\/wp-content\/uploads\/2020\/05\/aluminium_cooling_systems_fe_trade_3.jpg') no-repeat ; background-position: center center;background-size: cover; min-height:px; \"><div class=\"max-overlay\" style=\"background-color:\"><\/div><div class=\"wpb_row vc_row-fluid full-row\"><div class=\"container\"><div class=\"wpb_column vc_column_container vc_col-sm-6 vc_hidden-xs\"><div class=\"vc_column-inner\"><div class=\"wpb_wrapper\"><\/div><\/div><\/div><div class=\"wpb_column vc_column_container vc_col-sm-6 vc_hidden-xs\"><div class=\"vc_column-inner\"><div class=\"wpb_wrapper\"><div class=\"vc_row wpb_row vc_inner vc_row-fluid\"><div class=\"wpb_column vc_column_container vc_col-sm-11 vc_hidden-xs\"><div class=\"vc_column-inner\"><div class=\"wpb_wrapper\"><hr class=\"vertical-space1\">\n\t<div class=\"subtitle-element subtitle-element1\">\n\t\t<h2 style=\"color: #00b1e2;\">ALUMINIOWE SYSTEMY CH\u0141ODZ\u0104CE<\/h2>\n\t<\/div>\n\t<div  class=\"wpb_single_image wpb_content_element vc_align_center\">\n\t\t\n\t\t<figure class=\"wpb_wrapper vc_figure\">\n\t\t\t<a href=\"http:\/\/leds.odyssey-studio.pl\/\" target=\"_self\" class=\"vc_single_image-wrapper   vc_box_border_grey\"><img width=\"300\" height=\"116\" src=\"https:\/\/fetrade.pl\/wp-content\/uploads\/2020\/11\/arma_logo-removebg-preview-300x116.png\" class=\"vc_single_image-img attachment-medium\" alt=\"\" decoding=\"async\" srcset=\"https:\/\/fetrade.pl\/wp-content\/uploads\/2020\/11\/arma_logo-removebg-preview-300x116.png 300w, https:\/\/fetrade.pl\/wp-content\/uploads\/2020\/11\/arma_logo-removebg-preview-768x296.png 768w, https:\/\/fetrade.pl\/wp-content\/uploads\/2020\/11\/arma_logo-removebg-preview-500x193.png 500w, https:\/\/fetrade.pl\/wp-content\/uploads\/2020\/11\/arma_logo-removebg-preview.png 805w\" sizes=\"(max-width: 300px) 100vw, 300px\" \/><\/a>\n\t\t<\/figure>\n\t<\/div>\n<hr class=\"vertical-space1\">\n\t<div class=\"wpb_text_column wpb_content_element\" >\n\t\t<div class=\"wpb_wrapper\">\n\t\t\t<p>FE Trade Sp. z.o.o jest wy\u0142\u0105cznym partnerem Arma Elektronik na rynku europejskim. Arma jest producentem aluminiowych system\u00f3w ch\u0142odz\u0105cych z siedzib\u0105 i centrum produkcyjnym zlokalizowanym w Stambule w Turcji. Arma by\u0142a gara\u017cowym start-upem produkuj\u0105cym aluminiowe obudowy do ochrony obwod\u00f3w elektrycznych. Dzisiaj, aby znale\u017a\u0107 najbardziej efektywne rozwi\u0105zanie problem\u00f3w termicznych naszych klient\u00f3w, prawie co tydzie\u0144 wprowadzali\u015bmy nowe modele radiator\u00f3w. Na pocz\u0105tku tysi\u0105clecia bran\u017ca o\u015bwietleniowa zacz\u0119\u0142a \u015bledzi\u0107 nowe trendy w technologii LED. To sprawi\u0142o, \u017ce Arma, znana w\u00f3wczas z produkcji radiator\u00f3w, zacz\u0119\u0142a budowa\u0107 nowe portfolio profili LED, wykorzystuj\u0105c dog\u0142\u0119bn\u0105 wiedz\u0119 z zakresu in\u017cynierii termicznej. Obecnie Arma jest liderem na rynku tureckim i wa\u017cnym graczem na rynku Stan\u00f3w Zjednoczonych.<\/p>\n\n\t\t<\/div>\n\t<\/div>\n<\/div><\/div><\/div><div class=\"wpb_column vc_column_container vc_col-sm-1 vc_hidden-xs\"><div class=\"vc_column-inner\"><div class=\"wpb_wrapper\"><\/div><\/div><\/div><\/div><\/div><\/div><\/div><\/div><\/div><\/section><section class=\"container\"><div class=\"row-wrapper-x\"><section class=\"wpb_row   w-animate\"><div class=\"wpb_column vc_column_container vc_col-sm-12 vc_hidden-lg vc_hidden-md vc_hidden-sm\"><div class=\"vc_column-inner\"><div class=\"wpb_wrapper\"><hr class=\"vertical-space4\">\n\t<div class=\"subtitle-element subtitle-element1\">\n\t\t<h2 style=\"color: #00b1e2;\">ALUMINIOWE SYSTEMY CH\u0141ODZ\u0104CE<\/h2>\n\t<\/div>\n\t<div  class=\"wpb_single_image wpb_content_element vc_align_left\">\n\t\t\n\t\t<figure class=\"wpb_wrapper vc_figure\">\n\t\t\t<div class=\"vc_single_image-wrapper   vc_box_border_grey\"><img width=\"940\" height=\"624\" src=\"https:\/\/fetrade.pl\/wp-content\/uploads\/2020\/05\/XXL.jpg\" class=\"vc_single_image-img attachment-large\" alt=\"Fe Trade Our Products ARMA\" decoding=\"async\" srcset=\"https:\/\/fetrade.pl\/wp-content\/uploads\/2020\/05\/XXL.jpg 1024w, https:\/\/fetrade.pl\/wp-content\/uploads\/2020\/05\/XXL-300x200.jpg 300w, https:\/\/fetrade.pl\/wp-content\/uploads\/2020\/05\/XXL-768x510.jpg 768w, https:\/\/fetrade.pl\/wp-content\/uploads\/2020\/05\/XXL-500x332.jpg 500w, https:\/\/fetrade.pl\/wp-content\/uploads\/2020\/05\/XXL-420x280.jpg 420w\" sizes=\"(max-width: 940px) 100vw, 940px\" \/><\/div>\n\t\t<\/figure>\n\t<\/div>\n<hr class=\"vertical-space4\">\n\t<div  class=\"wpb_single_image wpb_content_element vc_align_center\">\n\t\t\n\t\t<figure class=\"wpb_wrapper vc_figure\">\n\t\t\t<a href=\"http:\/\/leds.odyssey-studio.pl\/\" target=\"_self\" class=\"vc_single_image-wrapper   vc_box_border_grey\"><img width=\"220\" height=\"60\" src=\"https:\/\/fetrade.pl\/wp-content\/uploads\/2020\/05\/arma.png\" class=\"vc_single_image-img attachment-full\" alt=\"\" decoding=\"async\" \/><\/a>\n\t\t<\/figure>\n\t<\/div>\n<hr class=\"vertical-space4\">\n\t<div class=\"wpb_text_column wpb_content_element\" >\n\t\t<div class=\"wpb_wrapper\">\n\t\t\t<p>FE Trade Sp. z.o.o jest wy\u0142\u0105cznym partnerem Arma Elektronik na rynku europejskim. Arma jest producentem aluminiowych system\u00f3w ch\u0142odz\u0105cych z siedzib\u0105 i centrum produkcyjnym zlokalizowanym w Stambule w Turcji. Arma by\u0142a gara\u017cowym start-upem produkuj\u0105cym aluminiowe obudowy do ochrony obwod\u00f3w elektrycznych. Dzisiaj, aby znale\u017a\u0107 najbardziej efektywne rozwi\u0105zanie problem\u00f3w termicznych naszych klient\u00f3w, prawie co tydzie\u0144 wprowadzali\u015bmy nowe modele radiator\u00f3w. Na pocz\u0105tku tysi\u0105clecia bran\u017ca o\u015bwietleniowa zacz\u0119\u0142a \u015bledzi\u0107 nowe trendy w technologii LED. To sprawi\u0142o, \u017ce Arma, znana w\u00f3wczas z produkcji radiator\u00f3w, zacz\u0119\u0142a budowa\u0107 nowe portfolio profili LED, wykorzystuj\u0105c dog\u0142\u0119bn\u0105 wiedz\u0119 z zakresu in\u017cynierii termicznej. Obecnie Arma jest liderem na rynku tureckim i wa\u017cnym graczem na rynku Stan\u00f3w Zjednoczonych.<\/p>\n\n\t\t<\/div>\n\t<\/div>\n<hr class=\"vertical-space1\"><\/div><\/div><\/div><\/section><\/div><\/section><section  class=\"wpb_row   w-animate full-row\"><div class=\"wpb_column vc_column_container vc_col-sm-12 vc_hidden-xs\"><div class=\"vc_column-inner\"><div class=\"wpb_wrapper\"><hr class=\"vertical-space4\">\n\t<div class=\"wpb_text_column wpb_content_element\" >\n\t\t<div class=\"wpb_wrapper\">\n\t\t\t<p style=\"text-align: center;\" class=\" translation-block\"><span style=\"color: #000000\"><span style=\"font-size: 24pt\"><strong>ODWIED\u0179<\/strong> NASZE SKLEPY!<\/span><\/span><\/p>\n\n\t\t<\/div>\n\t<\/div>\n<hr class=\"vertical-space3\"><\/div><\/div><\/div><\/section><section class=\"container\"><div class=\"row-wrapper-x\"><\/div><\/section><section  class=\"wpb_row   w-animate full-row\"><div class=\"wpb_column vc_column_container vc_col-sm-4\"><div class=\"vc_column-inner\"><div class=\"wpb_wrapper\">\n\t<div  class=\"wpb_single_image wpb_content_element vc_align_center\">\n\t\t\n\t\t<figure class=\"wpb_wrapper vc_figure\">\n\t\t\t<a href=\"http:\/\/ledprofiles.eu\" target=\"_blank\" class=\"vc_single_image-wrapper   vc_box_border_grey\"><img class=\"vc_single_image-img\" src=\"https:\/\/fetrade.pl\/wp-content\/uploads\/2020\/11\/ledprofiles-fe_trade-removebg-preview-300x65.png\" width=\"300\" height=\"65\" alt=\"ledprofiles-fe_trade-removebg-preview\" title=\"ledprofiles-fe_trade-removebg-preview\" \/><\/a>\n\t\t<\/figure>\n\t<\/div>\n<hr class=\"vertical-space1\">\n\t<div  class=\"wpb_single_image wpb_content_element vc_align_center\">\n\t\t\n\t\t<figure class=\"wpb_wrapper vc_figure\">\n\t\t\t<a href=\"http:\/\/ledprofiles.eu\" target=\"_blank\" class=\"vc_single_image-wrapper   vc_box_border_grey\"><img width=\"445\" height=\"380\" src=\"https:\/\/fetrade.pl\/wp-content\/uploads\/2020\/04\/LED_profiles_ledprofileseu.jpg\" class=\"vc_single_image-img attachment-full\" alt=\"Fe Trade Leds Ledprofiles.eu\" decoding=\"async\" srcset=\"https:\/\/fetrade.pl\/wp-content\/uploads\/2020\/04\/LED_profiles_ledprofileseu.jpg 445w, https:\/\/fetrade.pl\/wp-content\/uploads\/2020\/04\/LED_profiles_ledprofileseu-300x256.jpg 300w\" sizes=\"(max-width: 445px) 100vw, 445px\" \/><\/a>\n\t\t<\/figure>\n\t<\/div>\n<hr class=\"vertical-space2\"><hr class=\"vertical-space2\"><\/div><\/div><\/div><div class=\"wpb_column vc_column_container vc_col-sm-4\"><div class=\"vc_column-inner\"><div class=\"wpb_wrapper\">\n\t<div  class=\"wpb_single_image wpb_content_element vc_align_center\">\n\t\t\n\t\t<figure class=\"wpb_wrapper vc_figure\">\n\t\t\t<a href=\"https:\/\/www.growled.net\" target=\"_blank\" class=\"vc_single_image-wrapper   vc_box_border_grey\"><img class=\"vc_single_image-img\" src=\"https:\/\/fetrade.pl\/wp-content\/uploads\/2021\/05\/growledLOGO-300x65.png\" width=\"300\" height=\"65\" alt=\"GrowLed Logo\" title=\"GrowLed Logo\" \/><\/a>\n\t\t<\/figure>\n\t<\/div>\n<hr class=\"vertical-space1\">\n\t<div  class=\"wpb_single_image wpb_content_element vc_align_center\">\n\t\t\n\t\t<figure class=\"wpb_wrapper vc_figure\">\n\t\t\t<a href=\"https:\/\/www.growled.net\" target=\"_blank\" class=\"vc_single_image-wrapper   vc_box_border_grey\"><img width=\"445\" height=\"373\" src=\"https:\/\/fetrade.pl\/wp-content\/uploads\/2021\/05\/growled.jpg\" class=\"vc_single_image-img attachment-full\" alt=\"GrowLed\" decoding=\"async\" srcset=\"https:\/\/fetrade.pl\/wp-content\/uploads\/2021\/05\/growled.jpg 445w, https:\/\/fetrade.pl\/wp-content\/uploads\/2021\/05\/growled-300x251.jpg 300w\" sizes=\"(max-width: 445px) 100vw, 445px\" \/><\/a>\n\t\t<\/figure>\n\t<\/div>\n<hr class=\"vertical-space2\"><hr class=\"vertical-space2\"><\/div><\/div><\/div><div class=\"wpb_column vc_column_container vc_col-sm-4\"><div class=\"vc_column-inner\"><div class=\"wpb_wrapper\">\n\t<div  class=\"wpb_single_image wpb_content_element vc_align_center\">\n\t\t\n\t\t<figure class=\"wpb_wrapper vc_figure\">\n\t\t\t<a href=\"http:\/\/heatsink.eu\" target=\"_blank\" class=\"vc_single_image-wrapper   vc_box_border_grey\"><img class=\"vc_single_image-img\" src=\"https:\/\/fetrade.pl\/wp-content\/uploads\/2020\/11\/heatsink-fe_trade-removebg-preview-300x65.png\" width=\"300\" height=\"65\" alt=\"heatsink-fe_trade-removebg-preview\" title=\"heatsink-fe_trade-removebg-preview\" \/><\/a>\n\t\t<\/figure>\n\t<\/div>\n<hr class=\"vertical-space1\">\n\t<div  class=\"wpb_single_image wpb_content_element vc_align_center\">\n\t\t\n\t\t<figure class=\"wpb_wrapper vc_figure\">\n\t\t\t<a href=\"http:\/\/heatsink.eu\" target=\"_blank\" class=\"vc_single_image-wrapper   vc_box_border_grey\"><img width=\"445\" height=\"373\" src=\"https:\/\/fetrade.pl\/wp-content\/uploads\/2020\/04\/Heatsinks_eu_our_products.jpg\" class=\"vc_single_image-img attachment-full\" alt=\"Heatsinks.eu Heatsinks\" decoding=\"async\" srcset=\"https:\/\/fetrade.pl\/wp-content\/uploads\/2020\/04\/Heatsinks_eu_our_products.jpg 445w, https:\/\/fetrade.pl\/wp-content\/uploads\/2020\/04\/Heatsinks_eu_our_products-300x251.jpg 300w\" sizes=\"(max-width: 445px) 100vw, 445px\" \/><\/a>\n\t\t<\/figure>\n\t<\/div>\n<hr class=\"vertical-space2\"><hr class=\"vertical-space2\"><\/div><\/div><\/div><\/section><section class=\"container\"><div class=\"row-wrapper-x\"><section class=\"wpb_row   w-animate\"><div class=\"wpb_column vc_column_container vc_col-sm-12 vc_hidden-lg vc_hidden-md vc_hidden-sm\"><div class=\"vc_column-inner\"><div class=\"wpb_wrapper\"><hr class=\"vertical-space3\"><\/div><\/div><\/div><\/section><\/div><\/section><section class=\"blox aligncenter  full-container   w-animate\" style=\" padding-top:px; padding-bottom:px;  background: url('https:\/\/fetrade.pl\/wp-content\/uploads\/2015\/12\/blx-s-p11.jpg') no-repeat ; background-position: center center;background-size: cover; min-height:px; \"><div class=\"max-overlay\" style=\"background-color:\"><\/div><div class=\"wpb_row vc_row-fluid full-row\"><div class=\"container\"><div class=\"wpb_column vc_column_container vc_col-sm-12\"><div class=\"vc_column-inner\"><div class=\"wpb_wrapper\"><hr class=\"vertical-space5\"><hr class=\"vertical-space5\"><a href=\"https:\/\/fetrade.pl\/pl\/contact\/\" class=\"button blue square large\" target=\"_self\"><i class=\"icon-envelope\"><\/i>KONTAKT<\/a><hr class=\"vertical-space5\"><hr class=\"vertical-space5\"><\/div><\/div><\/div><\/div><\/div><\/section><section class=\"container\"><div class=\"row-wrapper-x\"><\/p>","protected":false},"excerpt":{"rendered":"OUR Products ALUMINIUM COOLING SYSTEMS ALUMINIUM LED PROFILESLED PLANT GROWING LAMPSALUMINIUM HEATSINKS Aluminium Cooling Systems FE Trade Sp.z o.o is exclusive partner of Arma Elektronik within \u00a0Europe. Arma Elektronik is an aluminium cooling systems manufacturer with its Headquarters and production centre, located in Istanbul, Turkey. Arma was initially a garage start up in a 100 square meters small mill, manufacturing aluminium cases to protect electronic circuits. Today in order to find the most efficient solution to our customers thermal problems. We introduced new heatsink models almost every single week. In the early Millenium, the lighting industry started to adopt new trends of LED technology. This drove Arma, at the time known primarily for heatsink production, to build an \u00a0additional portfolio for LED profiles using experienced thermal engineering knowledge. Today Arma is the market leader in Turkey and also major presence in the United States. Aluminium Cooling Systems FE Trade Sp.z o.o is exclusive partner of Arma Elektronik at European market. Arma Elektronik is aluminium cooling systems manufacturer with headquarters and production center located in Istambul, Turkey. Arma was a garage startup in a 100 square meters small mill, manufacturing aluminum cases to protect electonic circuits. Today in order to find the most efficient solution to our customers thermal problems we introduced new heatsink models almost every single week. In early millennium years lighting industry started to adopt new trends of LED technology. This drives Arma, at the time known from heatsink production, to built new portfolio for LED profiles with the deep thermal engineering know how. Now Arma is a leader in Turkish market and an important player in United States' market. GO VISIT OUR SHOPS! CONTACT US","protected":false},"author":1,"featured_media":0,"parent":0,"menu_order":0,"comment_status":"closed","ping_status":"closed","template":"","meta":{"_monsterinsights_skip_tracking":false,"_monsterinsights_sitenote_active":false,"_monsterinsights_sitenote_note":"","_monsterinsights_sitenote_category":0,"_joinchat":{"telephone":"+48661046001"}},"yst_prominent_words":[327,338,124,361,346,354,349,331,334,332,353,335,417,333,339,352,416,351,328,350],"_links":{"self":[{"href":"https:\/\/fetrade.pl\/pl\/wp-json\/wp\/v2\/pages\/9942"}],"collection":[{"href":"https:\/\/fetrade.pl\/pl\/wp-json\/wp\/v2\/pages"}],"about":[{"href":"https:\/\/fetrade.pl\/pl\/wp-json\/wp\/v2\/types\/page"}],"author":[{"embeddable":true,"href":"https:\/\/fetrade.pl\/pl\/wp-json\/wp\/v2\/users\/1"}],"replies":[{"embeddable":true,"href":"https:\/\/fetrade.pl\/pl\/wp-json\/wp\/v2\/comments?post=9942"}],"version-history":[{"count":5,"href":"https:\/\/fetrade.pl\/pl\/wp-json\/wp\/v2\/pages\/9942\/revisions"}],"predecessor-version":[{"id":10171,"href":"https:\/\/fetrade.pl\/pl\/wp-json\/wp\/v2\/pages\/9942\/revisions\/10171"}],"wp:attachment":[{"href":"https:\/\/fetrade.pl\/pl\/wp-json\/wp\/v2\/media?parent=9942"}],"wp:term":[{"taxonomy":"yst_prominent_words","embeddable":true,"href":"https:\/\/fetrade.pl\/pl\/wp-json\/wp\/v2\/yst_prominent_words?post=9942"}],"curies":[{"name":"wp","href":"https:\/\/api.w.org\/{rel}","templated":true}]}}